{"id":146442,"date":"2017-05-17T11:00:39","date_gmt":"2017-05-17T09:00:39","guid":{"rendered":"https:\/\/engiaux.adaptivetech.es\/portfolio-engiaux\/"},"modified":"2025-10-20T18:49:11","modified_gmt":"2025-10-20T16:49:11","slug":"proyectos-engiaux","status":"publish","type":"page","link":"https:\/\/engiaux.adaptivetech.es\/es\/proyectos-engiaux\/","title":{"rendered":"Portfolio Engiaux"},"content":{"rendered":"<div class=\"wpb-content-wrapper\"><p>[vc_row unlock_row_content=\u00bbyes\u00bb row_height_percent=\u00bb0&#8243; override_padding=\u00bbyes\u00bb h_padding=\u00bb5&#8243; top_padding=\u00bb5&#8243; bottom_padding=\u00bb2&#8243; back_color=\u00bbcolor-xsdn\u00bb overlay_alpha=\u00bb50&#8243; gutter_size=\u00bb4&#8243; column_width_percent=\u00bb100&#8243; shift_y=\u00bb0&#8243; z_index=\u00bb0&#8243; top_divider=\u00bbgradient\u00bb bottom_divider=\u00bbgradient\u00bb inverted_device_order=\u00bbyes\u00bb changer_back_color=\u00bbyes\u00bb content_parallax=\u00bb0&#8243; uncode_shortcode_id=\u00bb141813&#8243; back_color_type=\u00bbuncode-palette\u00bb][vc_column column_width_percent=\u00bb100&#8243; position_vertical=\u00bbmiddle\u00bb gutter_size=\u00bb3&#8243; override_padding=\u00bbyes\u00bb column_padding=\u00bb3&#8243; overlay_alpha=\u00bb50&#8243; shift_x=\u00bb0&#8243; shift_y=\u00bb0&#8243; shift_y_down=\u00bb0&#8243; z_index=\u00bb0&#8243; medium_width=\u00bb0&#8243; mobile_width=\u00bb0&#8243; width=\u00bb2\/3&#8243; uncode_shortcode_id=\u00bb103200&#8243;][vc_custom_heading text_color=\u00bbcolor-wayh\u00bb heading_semantic=\u00bbh1&#8243; text_font=\u00bbfont-955596&#8243; text_size=\u00bbfontsize-739966&#8243; text_weight=\u00bb700&#8243; text_stroke=\u00bbyes\u00bb css_animation=\u00bbperspective\u00bb animation_speed=\u00bb1400&#8243; animation_delay=\u00bb400&#8243; interval_animation=\u00bb20&#8243; uncode_shortcode_id=\u00bb176439&#8243; text_color_type=\u00bbuncode-palette\u00bb]Transformamos la energ\u00eda en futuro[\/vc_custom_heading][\/vc_column][vc_column column_width_percent=\u00bb100&#8243; position_vertical=\u00bbmiddle\u00bb gutter_size=\u00bb3&#8243; overlay_alpha=\u00bb50&#8243; shift_x=\u00bb0&#8243; shift_y=\u00bb0&#8243; shift_y_down=\u00bb0&#8243; z_index=\u00bb0&#8243; medium_width=\u00bb0&#8243; mobile_width=\u00bb0&#8243; width=\u00bb1\/3&#8243; uncode_shortcode_id=\u00bb171031&#8243;][\/vc_column][\/vc_row][vc_row row_height_percent=\u00bb0&#8243; override_padding=\u00bbyes\u00bb h_padding=\u00bb2&#8243; top_padding=\u00bb2&#8243; bottom_padding=\u00bb5&#8243; back_color=\u00bbcolor-xsdn\u00bb overlay_alpha=\u00bb50&#8243; gutter_size=\u00bb4&#8243; column_width_percent=\u00bb100&#8243; shift_y=\u00bb0&#8243; z_index=\u00bb0&#8243; content_parallax=\u00bb0&#8243; uncode_shortcode_id=\u00bb119478&#8243; back_color_type=\u00bbuncode-palette\u00bb][vc_column column_width_use_pixel=\u00bbyes\u00bb gutter_size=\u00bb4&#8243; style=\u00bbdark\u00bb overlay_alpha=\u00bb50&#8243; shift_x=\u00bb0&#8243; shift_y=\u00bb0&#8243; shift_y_down=\u00bb0&#8243; z_index=\u00bb0&#8243; medium_width=\u00bb0&#8243; mobile_width=\u00bb0&#8243; width=\u00bb1\/1&#8243; uncode_shortcode_id=\u00bb768498&#8243; el_class=\u00bbrestrict\u00bb column_width_pixel=\u00bb1000&#8243;][vc_custom_heading text_color=\u00bbcolor-wayh\u00bb heading_semantic=\u00bbp\u00bb text_font=\u00bbfont-955596&#8243; text_size=\u00bbcustom\u00bb text_weight=\u00bb400&#8243; text_height=\u00bbfontheight-357766&#8243; text_space=\u00bbfontspace-781688&#8243; css_animation=\u00bbtext-reveal\u00bb text_reveal_opacity=\u00bb20&#8243; text_reveal_speed=\u00bb1&#8243; text_reveal_top=\u00bb65&#8243; uncode_shortcode_id=\u00bb202783&#8243; heading_custom_size=\u00bbclamp(22px,6vw,30px)\u00bb text_color_type=\u00bbuncode-palette\u00bb]Desde sistemas fotovoltaicos hasta soluciones de aerotermia y geotermia, cada proyecto realizado representa una oportunidad \u00fanica para mejorar la eficiencia energ\u00e9tica de manera inteligente.<\/p>\n<p>Nuestras instalaciones no solo permiten optimizar el consumo y reducir los costos operativos, sino que tambi\u00e9n contribuyen activamente a la transici\u00f3n hacia un modelo energ\u00e9tico m\u00e1s limpio, responsable y sostenible, alineado con los retos ambientales actuales y futuros.[\/vc_custom_heading][\/vc_column][\/vc_row][vc_row unlock_row_content=\u00bbyes\u00bb row_height_percent=\u00bb0&#8243; override_padding=\u00bbyes\u00bb h_padding=\u00bb5&#8243; top_padding=\u00bb0&#8243; bottom_padding=\u00bb4&#8243; back_color=\u00bbcolor-xsdn\u00bb overlay_alpha=\u00bb0&#8243; gutter_size=\u00bb0&#8243; column_width_percent=\u00bb100&#8243; shift_y=\u00bb0&#8243; z_index=\u00bb0&#8243; bottom_divider=\u00bbstep\u00bb content_parallax=\u00bb0&#8243; uncode_shortcode_id=\u00bb204119&#8243; back_color_type=\u00bbuncode-palette\u00bb el_class=\u00bboverflow-hidden\u00bb][vc_column column_width_percent=\u00bb100&#8243; gutter_size=\u00bb4&#8243; overlay_alpha=\u00bb50&#8243; shift_x=\u00bb0&#8243; shift_y=\u00bb0&#8243; shift_y_down=\u00bb0&#8243; z_index=\u00bb0&#8243; medium_width=\u00bb0&#8243; mobile_width=\u00bb0&#8243; width=\u00bb1\/1&#8243; uncode_shortcode_id=\u00bb523042&#8243;][uncode_index el_id=\u00bbindex-283377554-5264&#8243; isotope_mode=\u00bbpackery\u00bb loop=\u00bbsize:All|order_by:rand|post_type:portfolio|taxonomy_count:10&#8243; style_preset=\u00bbmetro\u00bb screen_lg=\u00bb1000&#8243; screen_md=\u00bb600&#8243; screen_sm=\u00bb480&#8243; gutter_size=\u00bb3&#8243; post_items=\u00bbmedia|featured|onpost|poster,date,title,text|excerpt|150,sep-one|full,extra\u00bb portfolio_items=\u00bbtitle,media|featured|onpost|original\u00bb single_text=\u00bboverlay\u00bb single_width=\u00bb2&#8243; single_height=\u00bb3&#8243; single_shape=\u00bbround\u00bb radius=\u00bbxl\u00bb single_overlay_color=\u00bbcolor-xsdn\u00bb single_overlay_opacity=\u00bb10&#8243; single_overlay_anim=\u00bbno\u00bb single_text_visible=\u00bbyes\u00bb single_text_anim=\u00bbno\u00bb single_image_magnetic=\u00bbyes\u00bb single_v_position=\u00bbbottom\u00bb single_padding=\u00bb2&#8243; single_title_dimension=\u00bbh5&#8243; single_border=\u00bbyes\u00bb single_css_animation=\u00bbmask\u00bb single_animation_speed=\u00bb800&#8243; single_bg_delay=\u00bb0.75&#8243; post_matrix=\u00bbmatrix\u00bb matrix_amount=\u00bb3&#8243; no_double_tap=\u00bbyes\u00bb custom_cursor=\u00bbaccent\u00bb cursor_title=\u00bbyes\u00bb hide_title_tooltip=\u00bbmobile\u00bb cursor_title_boing=\u00bbyes\u00bb matrix_items=\u00bbeyIwX2kiOnsic2luZ2xlX3dpZHRoIjoiNiIsInNpbmdsZV9oZWlnaHQiOiI2In19&#8243; uncode_shortcode_id=\u00bb132454&#8243; tooltip_class=\u00bbfont-161747 h3 font-weight-600 fontspace-111509&#8243;][\/vc_column][\/vc_row]<\/p>\n<\/div>","protected":false},"excerpt":{"rendered":"<p>[vc_row unlock_row_content=\u00bbyes\u00bb row_height_percent=\u00bb0&#8243; override_padding=\u00bbyes\u00bb h_padding=\u00bb5&#8243; top_padding=\u00bb5&#8243; bottom_padding=\u00bb2&#8243; back_color=\u00bbcolor-xsdn\u00bb overlay_alpha=\u00bb50&#8243; gutter_size=\u00bb4&#8243; column_width_percent=\u00bb100&#8243; shift_y=\u00bb0&#8243; z_index=\u00bb0&#8243; top_divider=\u00bbgradient\u00bb bottom_divider=\u00bbgradient\u00bb inverted_device_order=\u00bbyes\u00bb changer_back_color=\u00bbyes\u00bb content_parallax=\u00bb0&#8243; uncode_shortcode_id=\u00bb141813&#8243; back_color_type=\u00bbuncode-palette\u00bb][vc_column [&hellip;]<\/p>\n","protected":false},"author":1,"featured_media":0,"parent":0,"menu_order":0,"comment_status":"closed","ping_status":"closed","template":"","meta":{"footnotes":""},"class_list":["post-146442","page","type-page","status-publish","hentry"],"yoast_head":"<!-- This site is optimized with the Yoast SEO plugin v24.4 - https:\/\/yoast.com\/wordpress\/plugins\/seo\/ -->\n<title>Portfolio Engiaux - Engiaux Renovables<\/title>\n<meta name=\"robots\" content=\"noindex, follow, max-snippet:-1, max-image-preview:large, max-video-preview:-1\" \/>\n<meta property=\"og:locale\" content=\"es_ES\" \/>\n<meta property=\"og:type\" content=\"article\" \/>\n<meta property=\"og:title\" content=\"Portfolio Engiaux - Engiaux Renovables\" \/>\n<meta property=\"og:description\" content=\"[vc_row unlock_row_content=\u00bbyes\u00bb row_height_percent=\u00bb0&#8243; override_padding=\u00bbyes\u00bb h_padding=\u00bb5&#8243; top_padding=\u00bb5&#8243; bottom_padding=\u00bb2&#8243; back_color=\u00bbcolor-xsdn\u00bb overlay_alpha=\u00bb50&#8243; gutter_size=\u00bb4&#8243; column_width_percent=\u00bb100&#8243; shift_y=\u00bb0&#8243; z_index=\u00bb0&#8243; top_divider=\u00bbgradient\u00bb bottom_divider=\u00bbgradient\u00bb inverted_device_order=\u00bbyes\u00bb changer_back_color=\u00bbyes\u00bb content_parallax=\u00bb0&#8243; uncode_shortcode_id=\u00bb141813&#8243; back_color_type=\u00bbuncode-palette\u00bb][vc_column [&hellip;]\" \/>\n<meta property=\"og:url\" content=\"https:\/\/engiaux.adaptivetech.es\/es\/proyectos-engiaux\/\" \/>\n<meta property=\"og:site_name\" content=\"Engiaux Renovables\" \/>\n<meta property=\"article:modified_time\" content=\"2025-10-20T16:49:11+00:00\" \/>\n<meta name=\"twitter:card\" content=\"summary_large_image\" \/>\n<meta name=\"twitter:label1\" content=\"Tiempo de lectura\" \/>\n\t<meta name=\"twitter:data1\" content=\"2 minutos\" \/>\n<script type=\"application\/ld+json\" class=\"yoast-schema-graph\">{\"@context\":\"https:\/\/schema.org\",\"@graph\":[{\"@type\":\"WebPage\",\"@id\":\"https:\/\/engiaux.adaptivetech.es\/es\/proyectos-engiaux\/\",\"url\":\"https:\/\/engiaux.adaptivetech.es\/es\/proyectos-engiaux\/\",\"name\":\"Portfolio Engiaux - Engiaux Renovables\",\"isPartOf\":{\"@id\":\"https:\/\/engiaux.adaptivetech.es\/es\/#website\"},\"datePublished\":\"2017-05-17T09:00:39+00:00\",\"dateModified\":\"2025-10-20T16:49:11+00:00\",\"breadcrumb\":{\"@id\":\"https:\/\/engiaux.adaptivetech.es\/es\/proyectos-engiaux\/#breadcrumb\"},\"inLanguage\":\"es\",\"potentialAction\":[{\"@type\":\"ReadAction\",\"target\":[\"https:\/\/engiaux.adaptivetech.es\/es\/proyectos-engiaux\/\"]}]},{\"@type\":\"BreadcrumbList\",\"@id\":\"https:\/\/engiaux.adaptivetech.es\/es\/proyectos-engiaux\/#breadcrumb\",\"itemListElement\":[{\"@type\":\"ListItem\",\"position\":1,\"name\":\"Portada\",\"item\":\"https:\/\/engiaux.adaptivetech.es\/es\/\"},{\"@type\":\"ListItem\",\"position\":2,\"name\":\"Portfolio Engiaux\"}]},{\"@type\":\"WebSite\",\"@id\":\"https:\/\/engiaux.adaptivetech.es\/es\/#website\",\"url\":\"https:\/\/engiaux.adaptivetech.es\/es\/\",\"name\":\"Engiaux Renovables\",\"description\":\"\",\"publisher\":{\"@id\":\"https:\/\/engiaux.adaptivetech.es\/es\/#organization\"},\"potentialAction\":[{\"@type\":\"SearchAction\",\"target\":{\"@type\":\"EntryPoint\",\"urlTemplate\":\"https:\/\/engiaux.adaptivetech.es\/es\/?s={search_term_string}\"},\"query-input\":{\"@type\":\"PropertyValueSpecification\",\"valueRequired\":true,\"valueName\":\"search_term_string\"}}],\"inLanguage\":\"es\"},{\"@type\":\"Organization\",\"@id\":\"https:\/\/engiaux.adaptivetech.es\/es\/#organization\",\"name\":\"Engiaux Renovables\",\"url\":\"https:\/\/engiaux.adaptivetech.es\/es\/\",\"logo\":{\"@type\":\"ImageObject\",\"inLanguage\":\"es\",\"@id\":\"https:\/\/engiaux.adaptivetech.es\/es\/#\/schema\/logo\/image\/\",\"url\":\"https:\/\/engiaux.adaptivetech.es\/wp-content\/uploads\/2025\/02\/cropped-engiaux-renovables-logo.png\",\"contentUrl\":\"https:\/\/engiaux.adaptivetech.es\/wp-content\/uploads\/2025\/02\/cropped-engiaux-renovables-logo.png\",\"width\":300,\"height\":100,\"caption\":\"Engiaux Renovables\"},\"image\":{\"@id\":\"https:\/\/engiaux.adaptivetech.es\/es\/#\/schema\/logo\/image\/\"}}]}<\/script>\n<!-- \/ Yoast SEO plugin. -->","yoast_head_json":{"title":"Portfolio Engiaux - Engiaux Renovables","robots":{"index":"noindex","follow":"follow","max-snippet":"max-snippet:-1","max-image-preview":"max-image-preview:large","max-video-preview":"max-video-preview:-1"},"og_locale":"es_ES","og_type":"article","og_title":"Portfolio Engiaux - Engiaux Renovables","og_description":"[vc_row unlock_row_content=\u00bbyes\u00bb row_height_percent=\u00bb0&#8243; override_padding=\u00bbyes\u00bb h_padding=\u00bb5&#8243; top_padding=\u00bb5&#8243; bottom_padding=\u00bb2&#8243; back_color=\u00bbcolor-xsdn\u00bb overlay_alpha=\u00bb50&#8243; gutter_size=\u00bb4&#8243; column_width_percent=\u00bb100&#8243; shift_y=\u00bb0&#8243; z_index=\u00bb0&#8243; top_divider=\u00bbgradient\u00bb bottom_divider=\u00bbgradient\u00bb inverted_device_order=\u00bbyes\u00bb changer_back_color=\u00bbyes\u00bb content_parallax=\u00bb0&#8243; uncode_shortcode_id=\u00bb141813&#8243; back_color_type=\u00bbuncode-palette\u00bb][vc_column [&hellip;]","og_url":"https:\/\/engiaux.adaptivetech.es\/es\/proyectos-engiaux\/","og_site_name":"Engiaux Renovables","article_modified_time":"2025-10-20T16:49:11+00:00","twitter_card":"summary_large_image","twitter_misc":{"Tiempo de lectura":"2 minutos"},"schema":{"@context":"https:\/\/schema.org","@graph":[{"@type":"WebPage","@id":"https:\/\/engiaux.adaptivetech.es\/es\/proyectos-engiaux\/","url":"https:\/\/engiaux.adaptivetech.es\/es\/proyectos-engiaux\/","name":"Portfolio Engiaux - Engiaux Renovables","isPartOf":{"@id":"https:\/\/engiaux.adaptivetech.es\/es\/#website"},"datePublished":"2017-05-17T09:00:39+00:00","dateModified":"2025-10-20T16:49:11+00:00","breadcrumb":{"@id":"https:\/\/engiaux.adaptivetech.es\/es\/proyectos-engiaux\/#breadcrumb"},"inLanguage":"es","potentialAction":[{"@type":"ReadAction","target":["https:\/\/engiaux.adaptivetech.es\/es\/proyectos-engiaux\/"]}]},{"@type":"BreadcrumbList","@id":"https:\/\/engiaux.adaptivetech.es\/es\/proyectos-engiaux\/#breadcrumb","itemListElement":[{"@type":"ListItem","position":1,"name":"Portada","item":"https:\/\/engiaux.adaptivetech.es\/es\/"},{"@type":"ListItem","position":2,"name":"Portfolio Engiaux"}]},{"@type":"WebSite","@id":"https:\/\/engiaux.adaptivetech.es\/es\/#website","url":"https:\/\/engiaux.adaptivetech.es\/es\/","name":"Engiaux Renovables","description":"","publisher":{"@id":"https:\/\/engiaux.adaptivetech.es\/es\/#organization"},"potentialAction":[{"@type":"SearchAction","target":{"@type":"EntryPoint","urlTemplate":"https:\/\/engiaux.adaptivetech.es\/es\/?s={search_term_string}"},"query-input":{"@type":"PropertyValueSpecification","valueRequired":true,"valueName":"search_term_string"}}],"inLanguage":"es"},{"@type":"Organization","@id":"https:\/\/engiaux.adaptivetech.es\/es\/#organization","name":"Engiaux Renovables","url":"https:\/\/engiaux.adaptivetech.es\/es\/","logo":{"@type":"ImageObject","inLanguage":"es","@id":"https:\/\/engiaux.adaptivetech.es\/es\/#\/schema\/logo\/image\/","url":"https:\/\/engiaux.adaptivetech.es\/wp-content\/uploads\/2025\/02\/cropped-engiaux-renovables-logo.png","contentUrl":"https:\/\/engiaux.adaptivetech.es\/wp-content\/uploads\/2025\/02\/cropped-engiaux-renovables-logo.png","width":300,"height":100,"caption":"Engiaux Renovables"},"image":{"@id":"https:\/\/engiaux.adaptivetech.es\/es\/#\/schema\/logo\/image\/"}}]}},"_links":{"self":[{"href":"https:\/\/engiaux.adaptivetech.es\/es\/wp-json\/wp\/v2\/pages\/146442","targetHints":{"allow":["GET"]}}],"collection":[{"href":"https:\/\/engiaux.adaptivetech.es\/es\/wp-json\/wp\/v2\/pages"}],"about":[{"href":"https:\/\/engiaux.adaptivetech.es\/es\/wp-json\/wp\/v2\/types\/page"}],"author":[{"embeddable":true,"href":"https:\/\/engiaux.adaptivetech.es\/es\/wp-json\/wp\/v2\/users\/1"}],"replies":[{"embeddable":true,"href":"https:\/\/engiaux.adaptivetech.es\/es\/wp-json\/wp\/v2\/comments?post=146442"}],"version-history":[{"count":5,"href":"https:\/\/engiaux.adaptivetech.es\/es\/wp-json\/wp\/v2\/pages\/146442\/revisions"}],"predecessor-version":[{"id":156463,"href":"https:\/\/engiaux.adaptivetech.es\/es\/wp-json\/wp\/v2\/pages\/146442\/revisions\/156463"}],"wp:attachment":[{"href":"https:\/\/engiaux.adaptivetech.es\/es\/wp-json\/wp\/v2\/media?parent=146442"}],"curies":[{"name":"wp","href":"https:\/\/api.w.org\/{rel}","templated":true}]}}